{"id":71,"date":"2017-07-12T05:53:59","date_gmt":"2017-07-12T05:53:59","guid":{"rendered":"http:\/\/bamax.si\/about\/"},"modified":"2022-05-21T09:31:16","modified_gmt":"2022-05-21T09:31:16","slug":"o-nas","status":"publish","type":"page","link":"https:\/\/bamax.si\/en\/o-nas\/","title":{"rendered":"About Us"},"content":{"rendered":"<div data-elementor-type=\"wp-post\" data-elementor-id=\"71\" class=\"elementor elementor-71\">\n\t\t\t\t\t\t\t\t\t<section class=\"elementor-section elementor-top-section elementor-element elementor-element-7116a5b2 elementor-section-boxed elementor-section-height-default elementor-section-height-default\" data-id=\"7116a5b2\" data-element_type=\"section\" data-settings=\"{&quot;background_background&quot;:&quot;classic&quot;}\">\n\t\t\t\t\t\t\t<div class=\"elementor-background-overlay\"><\/div>\n\t\t\t\t\t\t\t<div class=\"elementor-container elementor-column-gap-no\">\n\t\t\t\t\t<div class=\"elementor-column elementor-col-100 elementor-top-column elementor-element elementor-element-6439be06\" data-id=\"6439be06\" data-element_type=\"column\" data-settings=\"{&quot;background_background&quot;:&quot;classic&quot;}\">\n\t\t\t<div class=\"elementor-widget-wrap elementor-element-populated\">\n\t\t\t\t\t\t\t\t<div class=\"elementor-element elementor-element-198df6ee elementor-widget elementor-widget-heading\" data-id=\"198df6ee\" data-element_type=\"widget\" data-widget_type=\"heading.default\">\n\t\t\t\t<div class=\"elementor-widget-container\">\n\t\t\t<style>\/*! elementor - v3.13.3 - 28-05-2023 *\/\n.elementor-heading-title{padding:0;margin:0;line-height:1}.elementor-widget-heading .elementor-heading-title[class*=elementor-size-]>a{color:inherit;font-size:inherit;line-height:inherit}.elementor-widget-heading .elementor-heading-title.elementor-size-small{font-size:15px}.elementor-widget-heading .elementor-heading-title.elementor-size-medium{font-size:19px}.elementor-widget-heading .elementor-heading-title.elementor-size-large{font-size:29px}.elementor-widget-heading .elementor-heading-title.elementor-size-xl{font-size:39px}.elementor-widget-heading .elementor-heading-title.elementor-size-xxl{font-size:59px}<\/style><h1 class=\"elementor-heading-title elementor-size-default\">About Us<\/h1>\t\t<\/div>\n\t\t\t\t<\/div>\n\t\t\t\t\t<\/div>\n\t\t<\/div>\n\t\t\t\t\t\t\t<\/div>\n\t\t<\/section>\n\t\t\t\t<section class=\"elementor-section elementor-top-section elementor-element elementor-element-871babd elementor-section-boxed elementor-section-height-default elementor-section-height-default\" data-id=\"871babd\" data-element_type=\"section\">\n\t\t\t\t\t\t<div class=\"elementor-container elementor-column-gap-no\">\n\t\t\t\t\t<div class=\"elementor-column elementor-col-50 elementor-top-column elementor-element elementor-element-77e3bb83\" data-id=\"77e3bb83\" data-element_type=\"column\">\n\t\t\t<div class=\"elementor-widget-wrap elementor-element-populated\">\n\t\t\t\t\t\t\t\t<div class=\"elementor-element elementor-element-2d9347f6 elementor-widget elementor-widget-image\" data-id=\"2d9347f6\" data-element_type=\"widget\" data-widget_type=\"image.default\">\n\t\t\t\t<div class=\"elementor-widget-container\">\n\t\t\t<style>\/*! elementor - v3.13.3 - 28-05-2023 *\/\n.elementor-widget-image{text-align:center}.elementor-widget-image a{display:inline-block}.elementor-widget-image a img[src$=\".svg\"]{width:48px}.elementor-widget-image img{vertical-align:middle;display:inline-block}<\/style>\t\t\t\t\t\t\t\t\t\t\t\t<img loading=\"lazy\" decoding=\"async\" width=\"768\" height=\"650\" src=\"https:\/\/bamax.si\/wp-content\/uploads\/2022\/04\/unnamed-768x650.jpg\" class=\"attachment-medium_large size-medium_large wp-image-2101\" alt=\"bamax\" srcset=\"https:\/\/bamax.si\/wp-content\/uploads\/2022\/04\/unnamed-768x650.jpg 768w, https:\/\/bamax.si\/wp-content\/uploads\/2022\/04\/unnamed-300x254.jpg 300w, https:\/\/bamax.si\/wp-content\/uploads\/2022\/04\/unnamed-14x12.jpg 14w, https:\/\/bamax.si\/wp-content\/uploads\/2022\/04\/unnamed.jpg 958w\" sizes=\"auto, (max-width: 768px) 100vw, 768px\" \/>\t\t\t\t\t\t\t\t\t\t\t\t\t\t\t<\/div>\n\t\t\t\t<\/div>\n\t\t\t\t\t<\/div>\n\t\t<\/div>\n\t\t\t\t<div class=\"elementor-column elementor-col-50 elementor-top-column elementor-element elementor-element-7e966216\" data-id=\"7e966216\" data-element_type=\"column\">\n\t\t\t<div class=\"elementor-widget-wrap elementor-element-populated\">\n\t\t\t\t\t\t\t\t<div class=\"elementor-element elementor-element-59a74dcd elementor-widget elementor-widget-heading\" data-id=\"59a74dcd\" data-element_type=\"widget\" data-widget_type=\"heading.default\">\n\t\t\t\t<div class=\"elementor-widget-container\">\n\t\t\t<h2 class=\"elementor-heading-title elementor-size-default\">Our Story<\/h2>\t\t<\/div>\n\t\t\t\t<\/div>\n\t\t\t\t<div class=\"elementor-element elementor-element-46d8a17c elementor-widget-divider--view-line elementor-widget elementor-widget-divider\" data-id=\"46d8a17c\" data-element_type=\"widget\" data-widget_type=\"divider.default\">\n\t\t\t\t<div class=\"elementor-widget-container\">\n\t\t\t<style>\/*! elementor - v3.13.3 - 28-05-2023 *\/\n.elementor-widget-divider{--divider-border-style:none;--divider-border-width:1px;--divider-color:#0c0d0e;--divider-icon-size:20px;--divider-element-spacing:10px;--divider-pattern-height:24px;--divider-pattern-size:20px;--divider-pattern-url:none;--divider-pattern-repeat:repeat-x}.elementor-widget-divider .elementor-divider{display:flex}.elementor-widget-divider .elementor-divider__text{font-size:15px;line-height:1;max-width:95%}.elementor-widget-divider .elementor-divider__element{margin:0 var(--divider-element-spacing);flex-shrink:0}.elementor-widget-divider .elementor-icon{font-size:var(--divider-icon-size)}.elementor-widget-divider .elementor-divider-separator{display:flex;margin:0;direction:ltr}.elementor-widget-divider--view-line_icon .elementor-divider-separator,.elementor-widget-divider--view-line_text .elementor-divider-separator{align-items:center}.elementor-widget-divider--view-line_icon .elementor-divider-separator:after,.elementor-widget-divider--view-line_icon .elementor-divider-separator:before,.elementor-widget-divider--view-line_text .elementor-divider-separator:after,.elementor-widget-divider--view-line_text .elementor-divider-separator:before{display:block;content:\"\";border-bottom:0;flex-grow:1;border-top:var(--divider-border-width) var(--divider-border-style) var(--divider-color)}.elementor-widget-divider--element-align-left .elementor-divider .elementor-divider-separator>.elementor-divider__svg:first-of-type{flex-grow:0;flex-shrink:100}.elementor-widget-divider--element-align-left .elementor-divider-separator:before{content:none}.elementor-widget-divider--element-align-left .elementor-divider__element{margin-left:0}.elementor-widget-divider--element-align-right .elementor-divider .elementor-divider-separator>.elementor-divider__svg:last-of-type{flex-grow:0;flex-shrink:100}.elementor-widget-divider--element-align-right .elementor-divider-separator:after{content:none}.elementor-widget-divider--element-align-right .elementor-divider__element{margin-right:0}.elementor-widget-divider:not(.elementor-widget-divider--view-line_text):not(.elementor-widget-divider--view-line_icon) .elementor-divider-separator{border-top:var(--divider-border-width) var(--divider-border-style) var(--divider-color)}.elementor-widget-divider--separator-type-pattern{--divider-border-style:none}.elementor-widget-divider--separator-type-pattern.elementor-widget-divider--view-line .elementor-divider-separator,.elementor-widget-divider--separator-type-pattern:not(.elementor-widget-divider--view-line) .elementor-divider-separator:after,.elementor-widget-divider--separator-type-pattern:not(.elementor-widget-divider--view-line) .elementor-divider-separator:before,.elementor-widget-divider--separator-type-pattern:not([class*=elementor-widget-divider--view]) .elementor-divider-separator{width:100%;min-height:var(--divider-pattern-height);-webkit-mask-size:var(--divider-pattern-size) 100%;mask-size:var(--divider-pattern-size) 100%;-webkit-mask-repeat:var(--divider-pattern-repeat);mask-repeat:var(--divider-pattern-repeat);background-color:var(--divider-color);-webkit-mask-image:var(--divider-pattern-url);mask-image:var(--divider-pattern-url)}.elementor-widget-divider--no-spacing{--divider-pattern-size:auto}.elementor-widget-divider--bg-round{--divider-pattern-repeat:round}.rtl .elementor-widget-divider .elementor-divider__text{direction:rtl}.e-con-inner>.elementor-widget-divider,.e-con>.elementor-widget-divider{width:var(--container-widget-width,100%);--flex-grow:var(--container-widget-flex-grow)}<\/style>\t\t<div class=\"elementor-divider\">\n\t\t\t<span class=\"elementor-divider-separator\">\n\t\t\t\t\t\t<\/span>\n\t\t<\/div>\n\t\t\t\t<\/div>\n\t\t\t\t<\/div>\n\t\t\t\t<div class=\"elementor-element elementor-element-4bef784e elementor-widget elementor-widget-text-editor\" data-id=\"4bef784e\" data-element_type=\"widget\" data-widget_type=\"text-editor.default\">\n\t\t\t\t<div class=\"elementor-widget-container\">\n\t\t\t<style>\/*! elementor - v3.13.3 - 28-05-2023 *\/\n.elementor-widget-text-editor.elementor-drop-cap-view-stacked .elementor-drop-cap{background-color:#69727d;color:#fff}.elementor-widget-text-editor.elementor-drop-cap-view-framed .elementor-drop-cap{color:#69727d;border:3px solid;background-color:transparent}.elementor-widget-text-editor:not(.elementor-drop-cap-view-default) .elementor-drop-cap{margin-top:8px}.elementor-widget-text-editor:not(.elementor-drop-cap-view-default) .elementor-drop-cap-letter{width:1em;height:1em}.elementor-widget-text-editor .elementor-drop-cap{float:left;text-align:center;line-height:1;font-size:50px}.elementor-widget-text-editor .elementor-drop-cap-letter{display:inline-block}<\/style>\t\t\t\t<p>BAMAX D.O.O. is a family business based in Hajdina. Many years of experience in the sale of commercial vehicles have made us a reliable partner for customers around the world.\u00a0<\/p>\t\t\t\t\t\t<\/div>\n\t\t\t\t<\/div>\n\t\t\t\t\t<\/div>\n\t\t<\/div>\n\t\t\t\t\t\t\t<\/div>\n\t\t<\/section>\n\t\t\t\t<section class=\"elementor-section elementor-top-section elementor-element elementor-element-5dd8a8e6 elementor-section-boxed elementor-section-height-default elementor-section-height-default\" data-id=\"5dd8a8e6\" data-element_type=\"section\" data-settings=\"{&quot;background_background&quot;:&quot;classic&quot;}\">\n\t\t\t\t\t\t<div class=\"elementor-container elementor-column-gap-no\">\n\t\t\t\t\t<div class=\"elementor-column elementor-col-100 elementor-top-column elementor-element elementor-element-4701e399\" data-id=\"4701e399\" data-element_type=\"column\" data-settings=\"{&quot;background_background&quot;:&quot;classic&quot;}\">\n\t\t\t<div class=\"elementor-widget-wrap elementor-element-populated\">\n\t\t\t\t\t\t\t\t<div class=\"elementor-element elementor-element-6ed2fe38 elementor-widget elementor-widget-heading\" data-id=\"6ed2fe38\" data-element_type=\"widget\" data-widget_type=\"heading.default\">\n\t\t\t\t<div class=\"elementor-widget-container\">\n\t\t\t<h2 class=\"elementor-heading-title elementor-size-default\">What We Offer?<\/h2>\t\t<\/div>\n\t\t\t\t<\/div>\n\t\t\t\t<div class=\"elementor-element elementor-element-539f45ae elementor-widget-divider--view-line elementor-widget elementor-widget-divider\" data-id=\"539f45ae\" data-element_type=\"widget\" data-widget_type=\"divider.default\">\n\t\t\t\t<div class=\"elementor-widget-container\">\n\t\t\t\t\t<div class=\"elementor-divider\">\n\t\t\t<span class=\"elementor-divider-separator\">\n\t\t\t\t\t\t<\/span>\n\t\t<\/div>\n\t\t\t\t<\/div>\n\t\t\t\t<\/div>\n\t\t\t\t<div class=\"elementor-element elementor-element-fdc860e elementor-widget elementor-widget-text-editor\" data-id=\"fdc860e\" data-element_type=\"widget\" data-widget_type=\"text-editor.default\">\n\t\t\t\t<div class=\"elementor-widget-container\">\n\t\t\t\t\t\t\t<p>Most of our offer is represented by different types of trucks. Our corporate philosophy is characterized by honesty and reliability. Because customer satisfaction is very important to us, we offer our customers an excellent comprehensive package of services and provide them with a competent person who accompanies them when buying or selling vehicles.<\/p>\t\t\t\t\t\t<\/div>\n\t\t\t\t<\/div>\n\t\t\t\t<section class=\"elementor-section elementor-inner-section elementor-element elementor-element-f634feb elementor-section-boxed elementor-section-height-default elementor-section-height-default\" data-id=\"f634feb\" data-element_type=\"section\">\n\t\t\t\t\t\t<div class=\"elementor-container elementor-column-gap-default\">\n\t\t\t\t\t<div class=\"elementor-column elementor-col-50 elementor-inner-column elementor-element elementor-element-417706a\" data-id=\"417706a\" data-element_type=\"column\">\n\t\t\t<div class=\"elementor-widget-wrap elementor-element-populated\">\n\t\t\t\t\t\t\t\t<div class=\"elementor-element elementor-element-e3866fa elementor-widget elementor-widget-heading\" data-id=\"e3866fa\" data-element_type=\"widget\" data-widget_type=\"heading.default\">\n\t\t\t\t<div class=\"elementor-widget-container\">\n\t\t\t<h3 class=\"elementor-heading-title elementor-size-default\">Za Ponudbo Vozil Nas Kontaktirajte<\/h3>\t\t<\/div>\n\t\t\t\t<\/div>\n\t\t\t\t\t<\/div>\n\t\t<\/div>\n\t\t\t\t<div class=\"elementor-column elementor-col-50 elementor-inner-column elementor-element elementor-element-c8ef30f\" data-id=\"c8ef30f\" data-element_type=\"column\">\n\t\t\t<div class=\"elementor-widget-wrap elementor-element-populated\">\n\t\t\t\t\t\t\t\t<div class=\"elementor-element elementor-element-0b6ec37 elementor-align-left elementor-mobile-align-center elementor-widget elementor-widget-button\" data-id=\"0b6ec37\" data-element_type=\"widget\" data-widget_type=\"button.default\">\n\t\t\t\t<div class=\"elementor-widget-container\">\n\t\t\t\t\t<div class=\"elementor-button-wrapper\">\n\t\t\t<a href=\"https:\/\/bamax.si\/en\/kontaktirajte-nas\/\" class=\"elementor-button-link elementor-button elementor-size-lg\" role=\"button\">\n\t\t\t\t\t\t<span class=\"elementor-button-content-wrapper\">\n\t\t\t\t\t\t\t<span class=\"elementor-button-icon elementor-align-icon-left\">\n\t\t\t\t<i aria-hidden=\"true\" class=\"fas fa-arrow-right\"><\/i>\t\t\t<\/span>\n\t\t\t\t\t\t<span class=\"elementor-button-text\"><\/span>\n\t\t<\/span>\n\t\t\t\t\t<\/a>\n\t\t<\/div>\n\t\t\t\t<\/div>\n\t\t\t\t<\/div>\n\t\t\t\t\t<\/div>\n\t\t<\/div>\n\t\t\t\t\t\t\t<\/div>\n\t\t<\/section>\n\t\t\t\t\t<\/div>\n\t\t<\/div>\n\t\t\t\t\t\t\t<\/div>\n\t\t<\/section>\n\t\t\t\t<section class=\"elementor-section elementor-top-section elementor-element elementor-element-58f0bb5c elementor-section-boxed elementor-section-height-default elementor-section-height-default\" data-id=\"58f0bb5c\" data-element_type=\"section\" data-settings=\"{&quot;background_background&quot;:&quot;classic&quot;}\">\n\t\t\t\t\t\t\t<div class=\"elementor-background-overlay\"><\/div>\n\t\t\t\t\t\t\t<div class=\"elementor-container elementor-column-gap-no\">\n\t\t\t\t\t<div class=\"elementor-column elementor-col-100 elementor-top-column elementor-element elementor-element-2d5b82ff\" data-id=\"2d5b82ff\" data-element_type=\"column\">\n\t\t\t<div class=\"elementor-widget-wrap elementor-element-populated\">\n\t\t\t\t\t\t\t\t<div class=\"elementor-element elementor-element-683430c3 elementor-widget-divider--view-line elementor-widget elementor-widget-divider\" data-id=\"683430c3\" data-element_type=\"widget\" data-widget_type=\"divider.default\">\n\t\t\t\t<div class=\"elementor-widget-container\">\n\t\t\t\t\t<div class=\"elementor-divider\">\n\t\t\t<span class=\"elementor-divider-separator\">\n\t\t\t\t\t\t<\/span>\n\t\t<\/div>\n\t\t\t\t<\/div>\n\t\t\t\t<\/div>\n\t\t\t\t<div class=\"elementor-element elementor-element-2c9a982a elementor-widget elementor-widget-heading\" data-id=\"2c9a982a\" data-element_type=\"widget\" data-widget_type=\"heading.default\">\n\t\t\t\t<div class=\"elementor-widget-container\">\n\t\t\t<h2 class=\"elementor-heading-title elementor-size-default\">Best Offer Of Used Trucks<\/h2>\t\t<\/div>\n\t\t\t\t<\/div>\n\t\t\t\t<div class=\"elementor-element elementor-element-4d64a70b elementor-align-center elementor-widget elementor-widget-button\" data-id=\"4d64a70b\" data-element_type=\"widget\" data-widget_type=\"button.default\">\n\t\t\t\t<div class=\"elementor-widget-container\">\n\t\t\t\t\t<div class=\"elementor-button-wrapper\">\n\t\t\t<a href=\"https:\/\/bamax.si\/en\/kontaktirajte-nas\/\" class=\"elementor-button-link elementor-button elementor-size-sm\" role=\"button\">\n\t\t\t\t\t\t<span class=\"elementor-button-content-wrapper\">\n\t\t\t\t\t\t\t<span class=\"elementor-button-icon elementor-align-icon-right\">\n\t\t\t\t\t\t\t<\/span>\n\t\t\t\t\t\t<span class=\"elementor-button-text\">Contact us<\/span>\n\t\t<\/span>\n\t\t\t\t\t<\/a>\n\t\t<\/div>\n\t\t\t\t<\/div>\n\t\t\t\t<\/div>\n\t\t\t\t\t<\/div>\n\t\t<\/div>\n\t\t\t\t\t\t\t<\/div>\n\t\t<\/section>\n\t\t\t\t\t\t\t<\/div>","protected":false},"excerpt":{"rendered":"<p>O Nas Na\u0161a zgodba BAMAX D.O.O. je dru\u017einsko podjetje s sede\u017eem v Hajdini. Dolgoletne izku\u0161nje pri prodaji gospodarskih vozil so nas naredile zanesljivega partnerja za stranke po vsem svetu.\u00a0 Kaj Ponujamo? Ve\u010dino na\u0161e ponudbe predstavljajo razli\u010dni tipi tovornjakov. Za na\u0161o korporativno filozofijo sta zna\u010dilni po\u0161tenost in zanesljivost. Ker nam je zadovoljstvo strank zelo pomembno, svojim &hellip;<\/p>\n<p class=\"read-more\"> <a class=\"\" href=\"https:\/\/bamax.si\/en\/o-nas\/\"> <span class=\"screen-reader-text\">About Us<\/span> Read More &raquo;<\/a><\/p>","protected":false},"author":1,"featured_media":0,"parent":0,"menu_order":0,"comment_status":"closed","ping_status":"closed","template":"","meta":{"_mi_skip_tracking":false,"_monsterinsights_sitenote_active":false,"_monsterinsights_sitenote_note":"","_monsterinsights_sitenote_category":0,"site-sidebar-layout":"no-sidebar","site-content-layout":"page-builder","ast-main-header-display":"","ast-hfb-above-header-display":"","ast-hfb-below-header-display":"","ast-hfb-mobile-header-display":"","site-post-title":"disabled","ast-breadcrumbs-content":"","ast-featured-img":"disabled","footer-sml-layout":"","theme-transparent-header-meta":"enabled","adv-header-id-meta":"","stick-header-meta":"","header-above-stick-meta":"","header-main-stick-meta":"","header-below-stick-meta":"","footnotes":""},"class_list":["post-71","page","type-page","status-publish","hentry"],"yoast_head":"<!-- This site is optimized with the Yoast SEO plugin v20.8 - https:\/\/yoast.com\/wordpress\/plugins\/seo\/ -->\n<title>O Nas - Bamax<\/title>\n<meta name=\"robots\" content=\"index, follow, max-snippet:-1, max-image-preview:large, max-video-preview:-1\" \/>\n<link rel=\"canonical\" href=\"https:\/\/bamax.si\/en\/o-nas\/\" \/>\n<meta property=\"og:locale\" content=\"en_GB\" \/>\n<meta property=\"og:type\" content=\"article\" \/>\n<meta property=\"og:title\" content=\"O Nas - Bamax\" \/>\n<meta property=\"og:description\" content=\"O Nas Na\u0161a zgodba BAMAX D.O.O. je dru\u017einsko podjetje s sede\u017eem v Hajdini. Dolgoletne izku\u0161nje pri prodaji gospodarskih vozil so nas naredile zanesljivega partnerja za stranke po vsem svetu.\u00a0 Kaj Ponujamo? Ve\u010dino na\u0161e ponudbe predstavljajo razli\u010dni tipi tovornjakov. Za na\u0161o korporativno filozofijo sta zna\u010dilni po\u0161tenost in zanesljivost. Ker nam je zadovoljstvo strank zelo pomembno, svojim &hellip; O Nas Read More &raquo;\" \/>\n<meta property=\"og:url\" content=\"https:\/\/bamax.si\/en\/o-nas\/\" \/>\n<meta property=\"og:site_name\" content=\"Bamax\" \/>\n<meta property=\"article:publisher\" content=\"https:\/\/www.facebook.com\/BAMAXTrucks\/\" \/>\n<meta property=\"article:modified_time\" content=\"2022-05-21T09:31:16+00:00\" \/>\n<meta property=\"og:image\" content=\"https:\/\/bamax.si\/wp-content\/uploads\/2022\/04\/unnamed-768x650.jpg\" \/>\n<meta name=\"twitter:card\" content=\"summary_large_image\" \/>\n<meta name=\"twitter:label1\" content=\"Estimated reading time\" \/>\n\t<meta name=\"twitter:data1\" content=\"3 minutes\" \/>\n<script type=\"application\/ld+json\" class=\"yoast-schema-graph\">{\"@context\":\"https:\/\/schema.org\",\"@graph\":[{\"@type\":\"WebPage\",\"@id\":\"https:\/\/bamax.si\/o-nas\/\",\"url\":\"https:\/\/bamax.si\/o-nas\/\",\"name\":\"O Nas - Bamax\",\"isPartOf\":{\"@id\":\"https:\/\/bamax.si\/#website\"},\"datePublished\":\"2017-07-12T05:53:59+00:00\",\"dateModified\":\"2022-05-21T09:31:16+00:00\",\"breadcrumb\":{\"@id\":\"https:\/\/bamax.si\/o-nas\/#breadcrumb\"},\"inLanguage\":\"en-GB\",\"potentialAction\":[{\"@type\":\"ReadAction\",\"target\":[\"https:\/\/bamax.si\/o-nas\/\"]}]},{\"@type\":\"BreadcrumbList\",\"@id\":\"https:\/\/bamax.si\/o-nas\/#breadcrumb\",\"itemListElement\":[{\"@type\":\"ListItem\",\"position\":1,\"name\":\"Home\",\"item\":\"https:\/\/bamax.si\/\"},{\"@type\":\"ListItem\",\"position\":2,\"name\":\"O Nas\"}]},{\"@type\":\"WebSite\",\"@id\":\"https:\/\/bamax.si\/#website\",\"url\":\"https:\/\/bamax.si\/\",\"name\":\"Bamax\",\"description\":\"Bamax\",\"publisher\":{\"@id\":\"https:\/\/bamax.si\/#organization\"},\"potentialAction\":[{\"@type\":\"SearchAction\",\"target\":{\"@type\":\"EntryPoint\",\"urlTemplate\":\"https:\/\/bamax.si\/?s={search_term_string}\"},\"query-input\":\"required name=search_term_string\"}],\"inLanguage\":\"en-GB\"},{\"@type\":\"Organization\",\"@id\":\"https:\/\/bamax.si\/#organization\",\"name\":\"Bamax d.o.o.\",\"url\":\"https:\/\/bamax.si\/\",\"logo\":{\"@type\":\"ImageObject\",\"inLanguage\":\"en-GB\",\"@id\":\"https:\/\/bamax.si\/#\/schema\/logo\/image\/\",\"url\":\"https:\/\/bamax.si\/wp-content\/uploads\/2022\/04\/Bamax-logo-1.png\",\"contentUrl\":\"https:\/\/bamax.si\/wp-content\/uploads\/2022\/04\/Bamax-logo-1.png\",\"width\":19488,\"height\":5377,\"caption\":\"Bamax d.o.o.\"},\"image\":{\"@id\":\"https:\/\/bamax.si\/#\/schema\/logo\/image\/\"},\"sameAs\":[\"https:\/\/www.facebook.com\/BAMAXTrucks\/\"]}]}<\/script>\n<!-- \/ Yoast SEO plugin. -->","yoast_head_json":{"title":"O Nas - Bamax","robots":{"index":"index","follow":"follow","max-snippet":"max-snippet:-1","max-image-preview":"max-image-preview:large","max-video-preview":"max-video-preview:-1"},"canonical":"https:\/\/bamax.si\/en\/o-nas\/","og_locale":"en_GB","og_type":"article","og_title":"O Nas - Bamax","og_description":"O Nas Na\u0161a zgodba BAMAX D.O.O. je dru\u017einsko podjetje s sede\u017eem v Hajdini. Dolgoletne izku\u0161nje pri prodaji gospodarskih vozil so nas naredile zanesljivega partnerja za stranke po vsem svetu.\u00a0 Kaj Ponujamo? Ve\u010dino na\u0161e ponudbe predstavljajo razli\u010dni tipi tovornjakov. Za na\u0161o korporativno filozofijo sta zna\u010dilni po\u0161tenost in zanesljivost. Ker nam je zadovoljstvo strank zelo pomembno, svojim &hellip; O Nas Read More &raquo;","og_url":"https:\/\/bamax.si\/en\/o-nas\/","og_site_name":"Bamax","article_publisher":"https:\/\/www.facebook.com\/BAMAXTrucks\/","article_modified_time":"2022-05-21T09:31:16+00:00","og_image":[{"url":"https:\/\/bamax.si\/wp-content\/uploads\/2022\/04\/unnamed-768x650.jpg"}],"twitter_card":"summary_large_image","twitter_misc":{"Estimated reading time":"3 minutes"},"schema":{"@context":"https:\/\/schema.org","@graph":[{"@type":"WebPage","@id":"https:\/\/bamax.si\/o-nas\/","url":"https:\/\/bamax.si\/o-nas\/","name":"O Nas - Bamax","isPartOf":{"@id":"https:\/\/bamax.si\/#website"},"datePublished":"2017-07-12T05:53:59+00:00","dateModified":"2022-05-21T09:31:16+00:00","breadcrumb":{"@id":"https:\/\/bamax.si\/o-nas\/#breadcrumb"},"inLanguage":"en-GB","potentialAction":[{"@type":"ReadAction","target":["https:\/\/bamax.si\/o-nas\/"]}]},{"@type":"BreadcrumbList","@id":"https:\/\/bamax.si\/o-nas\/#breadcrumb","itemListElement":[{"@type":"ListItem","position":1,"name":"Home","item":"https:\/\/bamax.si\/"},{"@type":"ListItem","position":2,"name":"O Nas"}]},{"@type":"WebSite","@id":"https:\/\/bamax.si\/#website","url":"https:\/\/bamax.si\/","name":"Bamax","description":"Bamax","publisher":{"@id":"https:\/\/bamax.si\/#organization"},"potentialAction":[{"@type":"SearchAction","target":{"@type":"EntryPoint","urlTemplate":"https:\/\/bamax.si\/?s={search_term_string}"},"query-input":"required name=search_term_string"}],"inLanguage":"en-GB"},{"@type":"Organization","@id":"https:\/\/bamax.si\/#organization","name":"Bamax d.o.o.","url":"https:\/\/bamax.si\/","logo":{"@type":"ImageObject","inLanguage":"en-GB","@id":"https:\/\/bamax.si\/#\/schema\/logo\/image\/","url":"https:\/\/bamax.si\/wp-content\/uploads\/2022\/04\/Bamax-logo-1.png","contentUrl":"https:\/\/bamax.si\/wp-content\/uploads\/2022\/04\/Bamax-logo-1.png","width":19488,"height":5377,"caption":"Bamax d.o.o."},"image":{"@id":"https:\/\/bamax.si\/#\/schema\/logo\/image\/"},"sameAs":["https:\/\/www.facebook.com\/BAMAXTrucks\/"]}]}},"_links":{"self":[{"href":"https:\/\/bamax.si\/en\/wp-json\/wp\/v2\/pages\/71","targetHints":{"allow":["GET"]}}],"collection":[{"href":"https:\/\/bamax.si\/en\/wp-json\/wp\/v2\/pages"}],"about":[{"href":"https:\/\/bamax.si\/en\/wp-json\/wp\/v2\/types\/page"}],"author":[{"embeddable":true,"href":"https:\/\/bamax.si\/en\/wp-json\/wp\/v2\/users\/1"}],"replies":[{"embeddable":true,"href":"https:\/\/bamax.si\/en\/wp-json\/wp\/v2\/comments?post=71"}],"version-history":[{"count":29,"href":"https:\/\/bamax.si\/en\/wp-json\/wp\/v2\/pages\/71\/revisions"}],"predecessor-version":[{"id":2295,"href":"https:\/\/bamax.si\/en\/wp-json\/wp\/v2\/pages\/71\/revisions\/2295"}],"wp:attachment":[{"href":"https:\/\/bamax.si\/en\/wp-json\/wp\/v2\/media?parent=71"}],"curies":[{"name":"wp","href":"https:\/\/api.w.org\/{rel}","templated":true}]}}