{"id":2369,"date":"2022-06-04T10:41:02","date_gmt":"2022-06-04T10:41:02","guid":{"rendered":"https:\/\/bamax.si\/?page_id=2369"},"modified":"2022-07-17T19:24:45","modified_gmt":"2022-07-17T19:24:45","slug":"pogoji-uporabe","status":"publish","type":"page","link":"https:\/\/bamax.si\/en\/pogoji-uporabe\/","title":{"rendered":"Pogoji uporabe"},"content":{"rendered":"<div data-elementor-type=\"wp-post\" data-elementor-id=\"2369\" class=\"elementor elementor-2369\">\n\t\t\t\t\t\t\t\t\t<section class=\"elementor-section elementor-top-section elementor-element elementor-element-7116a5b2 elementor-section-boxed elementor-section-height-default elementor-section-height-default\" data-id=\"7116a5b2\" data-element_type=\"section\" data-settings=\"{&quot;background_background&quot;:&quot;classic&quot;}\">\n\t\t\t\t\t\t\t<div class=\"elementor-background-overlay\"><\/div>\n\t\t\t\t\t\t\t<div class=\"elementor-container elementor-column-gap-no\">\n\t\t\t\t\t<div class=\"elementor-column elementor-col-100 elementor-top-column elementor-element elementor-element-6439be06\" data-id=\"6439be06\" data-element_type=\"column\" data-settings=\"{&quot;background_background&quot;:&quot;classic&quot;}\">\n\t\t\t<div class=\"elementor-widget-wrap elementor-element-populated\">\n\t\t\t\t\t\t\t\t<div class=\"elementor-element elementor-element-198df6ee elementor-widget elementor-widget-heading\" data-id=\"198df6ee\" data-element_type=\"widget\" data-widget_type=\"heading.default\">\n\t\t\t\t<div class=\"elementor-widget-container\">\n\t\t\t<style>\/*! elementor - v3.13.3 - 28-05-2023 *\/\n.elementor-heading-title{padding:0;margin:0;line-height:1}.elementor-widget-heading .elementor-heading-title[class*=elementor-size-]>a{color:inherit;font-size:inherit;line-height:inherit}.elementor-widget-heading .elementor-heading-title.elementor-size-small{font-size:15px}.elementor-widget-heading .elementor-heading-title.elementor-size-medium{font-size:19px}.elementor-widget-heading .elementor-heading-title.elementor-size-large{font-size:29px}.elementor-widget-heading .elementor-heading-title.elementor-size-xl{font-size:39px}.elementor-widget-heading .elementor-heading-title.elementor-size-xxl{font-size:59px}<\/style><h2 class=\"elementor-heading-title elementor-size-default\">Zakon o varstvu osebnih podatkov (ZVOP-1)<\/h2>\t\t<\/div>\n\t\t\t\t<\/div>\n\t\t\t\t<div class=\"elementor-element elementor-element-4379a0c elementor-widget elementor-widget-text-editor\" data-id=\"4379a0c\" data-element_type=\"widget\" data-widget_type=\"text-editor.default\">\n\t\t\t\t<div class=\"elementor-widget-container\">\n\t\t\t<style>\/*! elementor - v3.13.3 - 28-05-2023 *\/\n.elementor-widget-text-editor.elementor-drop-cap-view-stacked .elementor-drop-cap{background-color:#69727d;color:#fff}.elementor-widget-text-editor.elementor-drop-cap-view-framed .elementor-drop-cap{color:#69727d;border:3px solid;background-color:transparent}.elementor-widget-text-editor:not(.elementor-drop-cap-view-default) .elementor-drop-cap{margin-top:8px}.elementor-widget-text-editor:not(.elementor-drop-cap-view-default) .elementor-drop-cap-letter{width:1em;height:1em}.elementor-widget-text-editor .elementor-drop-cap{float:left;text-align:center;line-height:1;font-size:50px}.elementor-widget-text-editor .elementor-drop-cap-letter{display:inline-block}<\/style>\t\t\t\t<p>Zakon o varstvu podatkov si lahko pogledate na spletni strani PIS-a na tej&nbsp;<a href=\"http:\/\/www.pisrs.si\/Pis.web\/pregledPredpisa?id=ZAKO3906\"><strong>povezavi.<\/strong><\/a><\/p>\n<p>Bamax d.o.o. (v nadaljevanju ponudnik) si prizadevamo, da se pri nas po\u010dutite varni, pri \u010demer stremimo,da so va\u0161i osebni podatki varovani najbolj kar se le da. Zavedamo se svoje odgovornosti v zvezi z ravnanjem z va\u0161imi osebnimi podatki, zato vse osebne podatke obdelujemo v skladu z vsakokrat veljavnim Zakonom o varstvu osebnih podatkov, Zakonom o elektronskih komunikacijah in s Splo\u0161no uredbo o varstvu podatkov (\u00bbGDPR\u00ab).<\/p>\n<p>Namen Politike varovanja osebnih podatkov (\u00bbPolitika\u00ab) je, da vas seznanimo, za katere namene pridobimo va\u0161e osebne podatke, kak\u0161na bo njihova uporaba, kak\u0161ne so va\u0161e pravice v zvezi s podatki, ki jih hranimo o vas, in kako jih uveljavljati.<\/p>\t\t\t\t\t\t<\/div>\n\t\t\t\t<\/div>\n\t\t\t\t\t<\/div>\n\t\t<\/div>\n\t\t\t\t\t\t\t<\/div>\n\t\t<\/section>\n\t\t\t\t<section class=\"elementor-section elementor-top-section elementor-element elementor-element-8872bb5 elementor-section-boxed elementor-section-height-default elementor-section-height-default\" data-id=\"8872bb5\" data-element_type=\"section\">\n\t\t\t\t\t\t<div class=\"elementor-container elementor-column-gap-default\">\n\t\t\t\t\t<div class=\"elementor-column elementor-col-100 elementor-top-column elementor-element elementor-element-bb1cfe8\" data-id=\"bb1cfe8\" data-element_type=\"column\">\n\t\t\t<div class=\"elementor-widget-wrap elementor-element-populated\">\n\t\t\t\t\t\t\t\t<div class=\"elementor-element elementor-element-78db19f elementor-widget elementor-widget-heading\" data-id=\"78db19f\" data-element_type=\"widget\" data-widget_type=\"heading.default\">\n\t\t\t\t<div class=\"elementor-widget-container\">\n\t\t\t<h3 class=\"elementor-heading-title elementor-size-default\">1. Upravljalec podatkov<\/h3>\t\t<\/div>\n\t\t\t\t<\/div>\n\t\t\t\t<div class=\"elementor-element elementor-element-363a205 elementor-widget elementor-widget-text-editor\" data-id=\"363a205\" data-element_type=\"widget\" data-widget_type=\"text-editor.default\">\n\t\t\t\t<div class=\"elementor-widget-container\">\n\t\t\t\t\t\t\t<p>Upravljalec va\u0161ih osebnih podatkov je podjetje Bamax d.o.o., Slovenja vas 47e, 2288 Hajdina, Slovenija.<\/p>\t\t\t\t\t\t<\/div>\n\t\t\t\t<\/div>\n\t\t\t\t<div class=\"elementor-element elementor-element-0d5c502 elementor-widget elementor-widget-heading\" data-id=\"0d5c502\" data-element_type=\"widget\" data-widget_type=\"heading.default\">\n\t\t\t\t<div class=\"elementor-widget-container\">\n\t\t\t<h3 class=\"elementor-heading-title elementor-size-default\">2. Namen obdelave podatkov<\/h3>\t\t<\/div>\n\t\t\t\t<\/div>\n\t\t\t\t<div class=\"elementor-element elementor-element-10946e4 elementor-widget elementor-widget-text-editor\" data-id=\"10946e4\" data-element_type=\"widget\" data-widget_type=\"text-editor.default\">\n\t\t\t\t<div class=\"elementor-widget-container\">\n\t\t\t\t\t\t\t<p>Vse osebne podatke, ki nam jih posredujete, bomo obravnavali zaupno in jih uporabili zgolj v namene, za katere ste jih posredovali. \u010ce bo nastala potreba po nadaljnji obdelavi va\u0161ih podatkov za kak drug namen, vas bomo o tem predhodno obvestili in vas zaprosili za va\u0161e soglasje.<\/p>\t\t\t\t\t\t<\/div>\n\t\t\t\t<\/div>\n\t\t\t\t<div class=\"elementor-element elementor-element-1abb507 elementor-widget elementor-widget-heading\" data-id=\"1abb507\" data-element_type=\"widget\" data-widget_type=\"heading.default\">\n\t\t\t\t<div class=\"elementor-widget-container\">\n\t\t\t<h3 class=\"elementor-heading-title elementor-size-default\">3. Obisk in uporaba spletne strani<\/h3>\t\t<\/div>\n\t\t\t\t<\/div>\n\t\t\t\t<div class=\"elementor-element elementor-element-33b30ea elementor-widget elementor-widget-text-editor\" data-id=\"33b30ea\" data-element_type=\"widget\" data-widget_type=\"text-editor.default\">\n\t\t\t\t<div class=\"elementor-widget-container\">\n\t\t\t\t\t\t\t<p>Ob vsakem obisku strani https:\/\/bamax.si\/ se na spletnem stre\u017eniku avtomatsko shranjuje dnevni\u0161ka datoteka spletnega stre\u017enika (npr. IP-\u0161tevilka, razli\u010dica brskalnika, \u010das obiska in podobno). Te podatke obdelujemo za potrebe vodenja svoje statistike. Ponudnik tako zbrane podatke obdeluje posebej in jih ne povezuje z drugimi podatki.<\/p><p>\u010ce na spletni strani obstajajo povezave na druge spletne strani, ki niso v nikakr\u0161ni povezavi s ponudnikom, ne prevzemamo nobene odgovornosti za za\u0161\u010dito podatkov na teh spletnih straneh.<\/p>\t\t\t\t\t\t<\/div>\n\t\t\t\t<\/div>\n\t\t\t\t<div class=\"elementor-element elementor-element-cdda601 elementor-widget elementor-widget-heading\" data-id=\"cdda601\" data-element_type=\"widget\" data-widget_type=\"heading.default\">\n\t\t\t\t<div class=\"elementor-widget-container\">\n\t\t\t<h3 class=\"elementor-heading-title elementor-size-default\">4. Obdelava osebnih podatkov na\u0161ih klientov<\/h3>\t\t<\/div>\n\t\t\t\t<\/div>\n\t\t\t\t<div class=\"elementor-element elementor-element-45ec8e4 elementor-widget elementor-widget-text-editor\" data-id=\"45ec8e4\" data-element_type=\"widget\" data-widget_type=\"text-editor.default\">\n\t\t\t\t<div class=\"elementor-widget-container\">\n\t\t\t\t\t\t\t<p>Podatke, ki nam jih posredujete v okviru povpra\u0161evanja, nam posredujete prostovoljno in na osnovi privolitve v komunikacijo po E-po\u0161ti za namen komuniciranja za va\u0161e povpra\u0161evanje. Te podatke bomo obdelovali zgolj za potrebe po odgovoru in medsebojne komunikacije. Za pravilnost in to\u010dnost teh podatkov ste odgovorni izklju\u010dno sami.<\/p>\t\t\t\t\t\t<\/div>\n\t\t\t\t<\/div>\n\t\t\t\t<div class=\"elementor-element elementor-element-9eb8f6f elementor-widget elementor-widget-heading\" data-id=\"9eb8f6f\" data-element_type=\"widget\" data-widget_type=\"heading.default\">\n\t\t\t\t<div class=\"elementor-widget-container\">\n\t\t\t<h3 class=\"elementor-heading-title elementor-size-default\">5. Uporabniki podatkov<\/h3>\t\t<\/div>\n\t\t\t\t<\/div>\n\t\t\t\t<div class=\"elementor-element elementor-element-90d5d1a elementor-widget elementor-widget-text-editor\" data-id=\"90d5d1a\" data-element_type=\"widget\" data-widget_type=\"text-editor.default\">\n\t\t\t\t<div class=\"elementor-widget-container\">\n\t\t\t\t\t\t\t<p>Vsi podatki zbrani na osnovi zgoraj na\u0161tetih pravnih podlag, bodo uporabljeni v skladu z namenom, za katerega so bili zbrani in jih brez va\u0161e privolitve ne bomo posredovali tretjim osebam. Osebni podatki klientov se zaradi zaupnega razmerja med uporabnikom in ponudniku ne razkrivajo nobenim tretjim osebam.<\/p><p>V okviru zakonskih pristojnosti je mogo\u010de va\u0161e osebne podatke razkriti naslednjim obdelovalcem podatkov:<\/p><p>\u2013\u00a0\u00a0\u00a0\u00a0\u00a0 administratorju in skrbniku spletne strani.<\/p><p>Ponudnik se zavezuje, da va\u0161ih osebnih podatkov ne bo posredoval ali prenesel v tretjo dr\u017eavo ali kaki mednarodni organizaciji.<\/p>\t\t\t\t\t\t<\/div>\n\t\t\t\t<\/div>\n\t\t\t\t<div class=\"elementor-element elementor-element-325134f elementor-widget elementor-widget-heading\" data-id=\"325134f\" data-element_type=\"widget\" data-widget_type=\"heading.default\">\n\t\t\t\t<div class=\"elementor-widget-container\">\n\t\t\t<h3 class=\"elementor-heading-title elementor-size-default\">6. Obdobje hrambe podatkov<\/h3>\t\t<\/div>\n\t\t\t\t<\/div>\n\t\t\t\t<div class=\"elementor-element elementor-element-d5d6d0a elementor-widget elementor-widget-text-editor\" data-id=\"d5d6d0a\" data-element_type=\"widget\" data-widget_type=\"text-editor.default\">\n\t\t\t\t<div class=\"elementor-widget-container\">\n\t\t\t\t\t\t\t<p>Zagotavljamo vam, da va\u0161e podatke hranimo le toliko \u010dasa, kolikor je potrebno, da se izpolni namen, zaradi katerega so bili zbrani in uporabljeni, in sicer:<\/p><ul><li>dnevni\u0161ke datoteke spletnega stre\u017enika se hranijo 3 (tri) mesece;<\/li><li>va\u0161i kontaktni podatki za potrebe komunikacije se obdelujejo zaklju\u010denega posla oziroma zaklju\u010dene komunikacije;<\/li><\/ul><p>Po prenehanju potrebe po vodenju podatkov, tj. po izpolnitvi namena, za katerega so bili zbrani, se podatki nemudoma nepovratno in trajno izbri\u0161ejo.<\/p>\t\t\t\t\t\t<\/div>\n\t\t\t\t<\/div>\n\t\t\t\t<div class=\"elementor-element elementor-element-af6dcb4 elementor-widget elementor-widget-heading\" data-id=\"af6dcb4\" data-element_type=\"widget\" data-widget_type=\"heading.default\">\n\t\t\t\t<div class=\"elementor-widget-container\">\n\t\t\t<h3 class=\"elementor-heading-title elementor-size-default\">7. Va\u0161e pravice<\/h3>\t\t<\/div>\n\t\t\t\t<\/div>\n\t\t\t\t<div class=\"elementor-element elementor-element-072e85e elementor-widget elementor-widget-text-editor\" data-id=\"072e85e\" data-element_type=\"widget\" data-widget_type=\"text-editor.default\">\n\t\t\t\t<div class=\"elementor-widget-container\">\n\t\t\t\t\t\t\t<p>Ponudnik zagotavlja uresni\u010devanje vseh pravic, ki vam pripadajo v zvezi z obdelavo va\u0161ih osebnih podatkov.<\/p><p>Od podjetja lahko kadarkoli zahtevate:<\/p><ul><li>izbris va\u0161ih podatkov z baze povpra\u0161evanja,<\/li><li>izbris va\u0161ih podatkov, ki se shranjujejo za namene povpra\u0161evanja.<\/li><\/ul>\t\t\t\t\t\t<\/div>\n\t\t\t\t<\/div>\n\t\t\t\t<div class=\"elementor-element elementor-element-9048341 elementor-widget elementor-widget-heading\" data-id=\"9048341\" data-element_type=\"widget\" data-widget_type=\"heading.default\">\n\t\t\t\t<div class=\"elementor-widget-container\">\n\t\t\t<h3 class=\"elementor-heading-title elementor-size-default\">8. Spremembe<\/h3>\t\t<\/div>\n\t\t\t\t<\/div>\n\t\t\t\t<div class=\"elementor-element elementor-element-3156aae elementor-widget elementor-widget-text-editor\" data-id=\"3156aae\" data-element_type=\"widget\" data-widget_type=\"text-editor.default\">\n\t\t\t\t<div class=\"elementor-widget-container\">\n\t\t\t\t\t\t\t<p>Pridr\u017eujemo si pravico, da predmetno Politiko po potrebi ob\u010dasno prilagodimo dejanskim razmeram in zakonodaji s podro\u010dja varstva osebnih podatkov. Zato vas prosimo, da pred vsakim posredovanjem osebnih podatkov preverite aktualno razli\u010dico, da boste seznanjeni z morebitnimi spremembami in dopolnitvami.<\/p>\t\t\t\t\t\t<\/div>\n\t\t\t\t<\/div>\n\t\t\t\t<div class=\"elementor-element elementor-element-5739866 elementor-widget elementor-widget-heading\" data-id=\"5739866\" data-element_type=\"widget\" data-widget_type=\"heading.default\">\n\t\t\t\t<div class=\"elementor-widget-container\">\n\t\t\t<h3 class=\"elementor-heading-title elementor-size-default\">9. Pi\u0161kotki<\/h3>\t\t<\/div>\n\t\t\t\t<\/div>\n\t\t\t\t<div class=\"elementor-element elementor-element-b22f8bc elementor-widget elementor-widget-text-editor\" data-id=\"b22f8bc\" data-element_type=\"widget\" data-widget_type=\"text-editor.default\">\n\t\t\t\t<div class=\"elementor-widget-container\">\n\t\t\t\t\t\t\t<p>Za namen zagotavljanja bolj\u0161e funkcionalnosti, uporabni\u0161ke izku\u0161nje, varnosti, nemotenega delovanja ter \u0161tetja uporabnikov na spletnem mestu uporabljamo spletne pi\u0161kotke.<\/p><p>Nujni pi\u0161kotki so potrebni za optimalno delovanje spletne strani, ostali pi\u0161kotki pa se uporabljajo za prilagoditev vsebin in oglasov ter analizo obiskanosti spletne strani. Za ve\u010d informacij si preberite pojasnilo o spletnih pi\u0161kotkih, kjer lahko vedno zavrnete posamezne spletne pi\u0161kotke.<\/p><p>Ta spletna stran uporablja naslednje pi\u0161kotke:<\/p><p>Obvezni: Ti pi\u0161kotki so obvezni za delovanje spletne strani in jih ni mogo\u010de izklopiti in sistema.<br \/>Funkcionalni: Ti pi\u0161kotki slu\u017eijo za hranjenje va\u0161ih nastavitev na strani. Kot so, regija, jezik, perference ipd.<br \/>Analitika: Ti pi\u0161kotki omogo\u010dajo, da \u0161tejemo obiske in vire prometa, zato lahko spremljamo in izbolj\u0161amo delovanje na\u0161e spletne strani.<br \/>Marketing: Ti pi\u0161kotki so nastavljeni s strani na\u0161ih ogla\u0161evalskih partnerjev.<\/p>\t\t\t\t\t\t<\/div>\n\t\t\t\t<\/div>\n\t\t\t\t\t<\/div>\n\t\t<\/div>\n\t\t\t\t\t\t\t<\/div>\n\t\t<\/section>\n\t\t\t\t\t\t\t<\/div>","protected":false},"excerpt":{"rendered":"<p>Zakon o varstvu osebnih podatkov (ZVOP-1) Zakon o varstvu podatkov si lahko pogledate na spletni strani PIS-a na tej&nbsp;povezavi. Bamax d.o.o. (v nadaljevanju ponudnik) si prizadevamo, da se pri nas po\u010dutite varni, pri \u010demer stremimo,da so va\u0161i osebni podatki varovani najbolj kar se le da. Zavedamo se svoje odgovornosti v zvezi z ravnanjem z va\u0161imi &hellip;<\/p>\n<p class=\"read-more\"> <a class=\"\" href=\"https:\/\/bamax.si\/en\/pogoji-uporabe\/\"> <span class=\"screen-reader-text\">Pogoji uporabe<\/span> Read More &raquo;<\/a><\/p>","protected":false},"author":1,"featured_media":0,"parent":0,"menu_order":0,"comment_status":"closed","ping_status":"closed","template":"","meta":{"_mi_skip_tracking":false,"_monsterinsights_sitenote_active":false,"_monsterinsights_sitenote_note":"","_monsterinsights_sitenote_category":0,"site-sidebar-layout":"no-sidebar","site-content-layout":"page-builder","ast-main-header-display":"","ast-hfb-above-header-display":"","ast-hfb-below-header-display":"","ast-hfb-mobile-header-display":"","site-post-title":"disabled","ast-breadcrumbs-content":"","ast-featured-img":"disabled","footer-sml-layout":"","theme-transparent-header-meta":"enabled","adv-header-id-meta":"","stick-header-meta":"","header-above-stick-meta":"","header-main-stick-meta":"","header-below-stick-meta":"","footnotes":""},"class_list":["post-2369","page","type-page","status-publish","hentry"],"yoast_head":"<!-- This site is optimized with the Yoast SEO plugin v20.8 - https:\/\/yoast.com\/wordpress\/plugins\/seo\/ -->\n<title>Pogoji uporabe - Bamax<\/title>\n<meta name=\"robots\" content=\"index, follow, max-snippet:-1, max-image-preview:large, max-video-preview:-1\" \/>\n<link rel=\"canonical\" href=\"https:\/\/bamax.si\/en\/pogoji-uporabe\/\" \/>\n<meta property=\"og:locale\" content=\"en_GB\" \/>\n<meta property=\"og:type\" content=\"article\" \/>\n<meta property=\"og:title\" content=\"Pogoji uporabe - Bamax\" \/>\n<meta property=\"og:description\" content=\"Zakon o varstvu osebnih podatkov (ZVOP-1) Zakon o varstvu podatkov si lahko pogledate na spletni strani PIS-a na tej&nbsp;povezavi. Bamax d.o.o. (v nadaljevanju ponudnik) si prizadevamo, da se pri nas po\u010dutite varni, pri \u010demer stremimo,da so va\u0161i osebni podatki varovani najbolj kar se le da. Zavedamo se svoje odgovornosti v zvezi z ravnanjem z va\u0161imi &hellip; Pogoji uporabe Read More &raquo;\" \/>\n<meta property=\"og:url\" content=\"https:\/\/bamax.si\/en\/pogoji-uporabe\/\" \/>\n<meta property=\"og:site_name\" content=\"Bamax\" \/>\n<meta property=\"article:publisher\" content=\"https:\/\/www.facebook.com\/BAMAXTrucks\/\" \/>\n<meta property=\"article:modified_time\" content=\"2022-07-17T19:24:45+00:00\" \/>\n<meta name=\"twitter:card\" content=\"summary_large_image\" \/>\n<meta name=\"twitter:label1\" content=\"Estimated reading time\" \/>\n\t<meta name=\"twitter:data1\" content=\"4 minutes\" \/>\n<script type=\"application\/ld+json\" class=\"yoast-schema-graph\">{\"@context\":\"https:\/\/schema.org\",\"@graph\":[{\"@type\":\"WebPage\",\"@id\":\"https:\/\/bamax.si\/pogoji-uporabe\/\",\"url\":\"https:\/\/bamax.si\/pogoji-uporabe\/\",\"name\":\"Pogoji uporabe - Bamax\",\"isPartOf\":{\"@id\":\"https:\/\/bamax.si\/#website\"},\"datePublished\":\"2022-06-04T10:41:02+00:00\",\"dateModified\":\"2022-07-17T19:24:45+00:00\",\"breadcrumb\":{\"@id\":\"https:\/\/bamax.si\/pogoji-uporabe\/#breadcrumb\"},\"inLanguage\":\"en-GB\",\"potentialAction\":[{\"@type\":\"ReadAction\",\"target\":[\"https:\/\/bamax.si\/pogoji-uporabe\/\"]}]},{\"@type\":\"BreadcrumbList\",\"@id\":\"https:\/\/bamax.si\/pogoji-uporabe\/#breadcrumb\",\"itemListElement\":[{\"@type\":\"ListItem\",\"position\":1,\"name\":\"Home\",\"item\":\"https:\/\/bamax.si\/\"},{\"@type\":\"ListItem\",\"position\":2,\"name\":\"Pogoji uporabe\"}]},{\"@type\":\"WebSite\",\"@id\":\"https:\/\/bamax.si\/#website\",\"url\":\"https:\/\/bamax.si\/\",\"name\":\"Bamax\",\"description\":\"Bamax\",\"publisher\":{\"@id\":\"https:\/\/bamax.si\/#organization\"},\"potentialAction\":[{\"@type\":\"SearchAction\",\"target\":{\"@type\":\"EntryPoint\",\"urlTemplate\":\"https:\/\/bamax.si\/?s={search_term_string}\"},\"query-input\":\"required name=search_term_string\"}],\"inLanguage\":\"en-GB\"},{\"@type\":\"Organization\",\"@id\":\"https:\/\/bamax.si\/#organization\",\"name\":\"Bamax d.o.o.\",\"url\":\"https:\/\/bamax.si\/\",\"logo\":{\"@type\":\"ImageObject\",\"inLanguage\":\"en-GB\",\"@id\":\"https:\/\/bamax.si\/#\/schema\/logo\/image\/\",\"url\":\"https:\/\/bamax.si\/wp-content\/uploads\/2022\/04\/Bamax-logo-1.png\",\"contentUrl\":\"https:\/\/bamax.si\/wp-content\/uploads\/2022\/04\/Bamax-logo-1.png\",\"width\":19488,\"height\":5377,\"caption\":\"Bamax d.o.o.\"},\"image\":{\"@id\":\"https:\/\/bamax.si\/#\/schema\/logo\/image\/\"},\"sameAs\":[\"https:\/\/www.facebook.com\/BAMAXTrucks\/\"]}]}<\/script>\n<!-- \/ Yoast SEO plugin. -->","yoast_head_json":{"title":"Pogoji uporabe - Bamax","robots":{"index":"index","follow":"follow","max-snippet":"max-snippet:-1","max-image-preview":"max-image-preview:large","max-video-preview":"max-video-preview:-1"},"canonical":"https:\/\/bamax.si\/en\/pogoji-uporabe\/","og_locale":"en_GB","og_type":"article","og_title":"Pogoji uporabe - Bamax","og_description":"Zakon o varstvu osebnih podatkov (ZVOP-1) Zakon o varstvu podatkov si lahko pogledate na spletni strani PIS-a na tej&nbsp;povezavi. Bamax d.o.o. (v nadaljevanju ponudnik) si prizadevamo, da se pri nas po\u010dutite varni, pri \u010demer stremimo,da so va\u0161i osebni podatki varovani najbolj kar se le da. Zavedamo se svoje odgovornosti v zvezi z ravnanjem z va\u0161imi &hellip; Pogoji uporabe Read More &raquo;","og_url":"https:\/\/bamax.si\/en\/pogoji-uporabe\/","og_site_name":"Bamax","article_publisher":"https:\/\/www.facebook.com\/BAMAXTrucks\/","article_modified_time":"2022-07-17T19:24:45+00:00","twitter_card":"summary_large_image","twitter_misc":{"Estimated reading time":"4 minutes"},"schema":{"@context":"https:\/\/schema.org","@graph":[{"@type":"WebPage","@id":"https:\/\/bamax.si\/pogoji-uporabe\/","url":"https:\/\/bamax.si\/pogoji-uporabe\/","name":"Pogoji uporabe - Bamax","isPartOf":{"@id":"https:\/\/bamax.si\/#website"},"datePublished":"2022-06-04T10:41:02+00:00","dateModified":"2022-07-17T19:24:45+00:00","breadcrumb":{"@id":"https:\/\/bamax.si\/pogoji-uporabe\/#breadcrumb"},"inLanguage":"en-GB","potentialAction":[{"@type":"ReadAction","target":["https:\/\/bamax.si\/pogoji-uporabe\/"]}]},{"@type":"BreadcrumbList","@id":"https:\/\/bamax.si\/pogoji-uporabe\/#breadcrumb","itemListElement":[{"@type":"ListItem","position":1,"name":"Home","item":"https:\/\/bamax.si\/"},{"@type":"ListItem","position":2,"name":"Pogoji uporabe"}]},{"@type":"WebSite","@id":"https:\/\/bamax.si\/#website","url":"https:\/\/bamax.si\/","name":"Bamax","description":"Bamax","publisher":{"@id":"https:\/\/bamax.si\/#organization"},"potentialAction":[{"@type":"SearchAction","target":{"@type":"EntryPoint","urlTemplate":"https:\/\/bamax.si\/?s={search_term_string}"},"query-input":"required name=search_term_string"}],"inLanguage":"en-GB"},{"@type":"Organization","@id":"https:\/\/bamax.si\/#organization","name":"Bamax d.o.o.","url":"https:\/\/bamax.si\/","logo":{"@type":"ImageObject","inLanguage":"en-GB","@id":"https:\/\/bamax.si\/#\/schema\/logo\/image\/","url":"https:\/\/bamax.si\/wp-content\/uploads\/2022\/04\/Bamax-logo-1.png","contentUrl":"https:\/\/bamax.si\/wp-content\/uploads\/2022\/04\/Bamax-logo-1.png","width":19488,"height":5377,"caption":"Bamax d.o.o."},"image":{"@id":"https:\/\/bamax.si\/#\/schema\/logo\/image\/"},"sameAs":["https:\/\/www.facebook.com\/BAMAXTrucks\/"]}]}},"_links":{"self":[{"href":"https:\/\/bamax.si\/en\/wp-json\/wp\/v2\/pages\/2369","targetHints":{"allow":["GET"]}}],"collection":[{"href":"https:\/\/bamax.si\/en\/wp-json\/wp\/v2\/pages"}],"about":[{"href":"https:\/\/bamax.si\/en\/wp-json\/wp\/v2\/types\/page"}],"author":[{"embeddable":true,"href":"https:\/\/bamax.si\/en\/wp-json\/wp\/v2\/users\/1"}],"replies":[{"embeddable":true,"href":"https:\/\/bamax.si\/en\/wp-json\/wp\/v2\/comments?post=2369"}],"version-history":[{"count":10,"href":"https:\/\/bamax.si\/en\/wp-json\/wp\/v2\/pages\/2369\/revisions"}],"predecessor-version":[{"id":2386,"href":"https:\/\/bamax.si\/en\/wp-json\/wp\/v2\/pages\/2369\/revisions\/2386"}],"wp:attachment":[{"href":"https:\/\/bamax.si\/en\/wp-json\/wp\/v2\/media?parent=2369"}],"curies":[{"name":"wp","href":"https:\/\/api.w.org\/{rel}","templated":true}]}}